{"id":5763,"date":"2021-12-09T13:11:23","date_gmt":"2021-12-09T11:11:23","guid":{"rendered":"https:\/\/www.ksoy.fi\/?page_id=5763"},"modified":"2025-01-07T12:16:13","modified_gmt":"2025-01-07T10:16:13","slug":"entreprenorstjanst","status":"publish","type":"page","link":"https:\/\/www.ksoy.fi\/sv\/elnat\/entreprenorstjanst\/","title":{"rendered":"Entrepren\u00f6rstj\u00e4nst"},"content":{"rendered":"","protected":false},"excerpt":{"rendered":"","protected":false},"author":2,"featured_media":0,"parent":4096,"menu_order":4,"comment_status":"closed","ping_status":"closed","template":"","meta":{"_acf_changed":false,"footnotes":""},"class_list":["post-5763","page","type-page","status-publish","hentry"],"acf":[],"yoast_head":"<!-- This site is optimized with the Yoast SEO Premium plugin v27.2 (Yoast SEO v27.2) - https:\/\/yoast.com\/product\/yoast-seo-premium-wordpress\/ -->\n<title>Entrepren\u00f6rstj\u00e4nst - Kymenlaakson S\u00e4hk\u00f6<\/title>\n<meta name=\"robots\" content=\"index, follow, max-snippet:-1, max-image-preview:large, max-video-preview:-1\" \/>\n<link rel=\"canonical\" href=\"https:\/\/www.ksoy.fi\/sv\/elnat\/entreprenorstjanst\/\" \/>\n<meta property=\"og:locale\" content=\"sv_SE\" \/>\n<meta property=\"og:type\" content=\"article\" \/>\n<meta property=\"og:title\" content=\"Entrepren\u00f6rstj\u00e4nst\" \/>\n<meta property=\"og:url\" content=\"https:\/\/www.ksoy.fi\/sv\/elnat\/entreprenorstjanst\/\" \/>\n<meta property=\"og:site_name\" content=\"Kymenlaakson S\u00e4hk\u00f6\" \/>\n<meta property=\"article:publisher\" content=\"https:\/\/www.facebook.com\/KymenlaaksonSahko\" \/>\n<meta property=\"article:modified_time\" content=\"2025-01-07T10:16:13+00:00\" \/>\n<meta property=\"og:image\" content=\"https:\/\/www.ksoy.fi\/wp-content\/uploads\/2022\/03\/isa-ja-lapsi-kuva-scaled.jpg\" \/>\n\t<meta property=\"og:image:width\" content=\"2560\" \/>\n\t<meta property=\"og:image:height\" content=\"1707\" \/>\n\t<meta property=\"og:image:type\" content=\"image\/jpeg\" \/>\n<meta name=\"twitter:card\" content=\"summary_large_image\" \/>\n<meta name=\"twitter:site\" content=\"@KS_Oy\" \/>\n<script type=\"application\/ld+json\" class=\"yoast-schema-graph\">{\"@context\":\"https:\/\/schema.org\",\"@graph\":[{\"@type\":\"WebPage\",\"@id\":\"https:\/\/www.ksoy.fi\/sv\/elnat\/entreprenorstjanst\/\",\"url\":\"https:\/\/www.ksoy.fi\/sv\/elnat\/entreprenorstjanst\/\",\"name\":\"Entrepren\u00f6rstj\u00e4nst - Kymenlaakson S\u00e4hk\u00f6\",\"isPartOf\":{\"@id\":\"https:\/\/www.ksoy.fi\/sv\/#website\"},\"datePublished\":\"2021-12-09T11:11:23+00:00\",\"dateModified\":\"2025-01-07T10:16:13+00:00\",\"breadcrumb\":{\"@id\":\"https:\/\/www.ksoy.fi\/sv\/elnat\/entreprenorstjanst\/#breadcrumb\"},\"inLanguage\":\"sv-SE\",\"potentialAction\":[{\"@type\":\"ReadAction\",\"target\":[\"https:\/\/www.ksoy.fi\/sv\/elnat\/entreprenorstjanst\/\"]}]},{\"@type\":\"BreadcrumbList\",\"@id\":\"https:\/\/www.ksoy.fi\/sv\/elnat\/entreprenorstjanst\/#breadcrumb\",\"itemListElement\":[{\"@type\":\"ListItem\",\"position\":1,\"name\":\"Hem\",\"item\":\"https:\/\/www.ksoy.fi\/sv\/\"},{\"@type\":\"ListItem\",\"position\":2,\"name\":\"Eln\u00e4t\",\"item\":\"https:\/\/www.ksoy.fi\/sv\/elnat\/\"},{\"@type\":\"ListItem\",\"position\":3,\"name\":\"Entrepren\u00f6rstj\u00e4nst\"}]},{\"@type\":\"WebSite\",\"@id\":\"https:\/\/www.ksoy.fi\/sv\/#website\",\"url\":\"https:\/\/www.ksoy.fi\/sv\/\",\"name\":\"Kymenlaakson S\u00e4hk\u00f6\",\"description\":\"\",\"publisher\":{\"@id\":\"https:\/\/www.ksoy.fi\/sv\/#organization\"},\"potentialAction\":[{\"@type\":\"SearchAction\",\"target\":{\"@type\":\"EntryPoint\",\"urlTemplate\":\"https:\/\/www.ksoy.fi\/sv\/?s={search_term_string}\"},\"query-input\":{\"@type\":\"PropertyValueSpecification\",\"valueRequired\":true,\"valueName\":\"search_term_string\"}}],\"inLanguage\":\"sv-SE\"},{\"@type\":\"Organization\",\"@id\":\"https:\/\/www.ksoy.fi\/sv\/#organization\",\"name\":\"Kymenlaakson S\u00e4hk\u00f6\",\"url\":\"https:\/\/www.ksoy.fi\/sv\/\",\"logo\":{\"@type\":\"ImageObject\",\"inLanguage\":\"sv-SE\",\"@id\":\"https:\/\/www.ksoy.fi\/sv\/#\/schema\/logo\/image\/\",\"url\":\"https:\/\/www.ksoy.fi\/wp-content\/uploads\/2021\/11\/cropped-ksoy-ikoni.png\",\"contentUrl\":\"https:\/\/www.ksoy.fi\/wp-content\/uploads\/2021\/11\/cropped-ksoy-ikoni.png\",\"width\":512,\"height\":512,\"caption\":\"Kymenlaakson S\u00e4hk\u00f6\"},\"image\":{\"@id\":\"https:\/\/www.ksoy.fi\/sv\/#\/schema\/logo\/image\/\"},\"sameAs\":[\"https:\/\/www.facebook.com\/KymenlaaksonSahko\",\"https:\/\/x.com\/KS_Oy\",\"https:\/\/www.instagram.com\/ksoy_arkivirtaa\/\",\"https:\/\/www.linkedin.com\/company\/kymenlaakson-s\u00e4hk\u00f6\/\",\"https:\/\/www.youtube.com\/channel\/UCs-XaSBGfogwayNlB1B_gnA\"]}]}<\/script>\n<!-- \/ Yoast SEO Premium plugin. -->","yoast_head_json":{"title":"Entrepren\u00f6rstj\u00e4nst - Kymenlaakson S\u00e4hk\u00f6","robots":{"index":"index","follow":"follow","max-snippet":"max-snippet:-1","max-image-preview":"max-image-preview:large","max-video-preview":"max-video-preview:-1"},"canonical":"https:\/\/www.ksoy.fi\/sv\/elnat\/entreprenorstjanst\/","og_locale":"sv_SE","og_type":"article","og_title":"Entrepren\u00f6rstj\u00e4nst","og_url":"https:\/\/www.ksoy.fi\/sv\/elnat\/entreprenorstjanst\/","og_site_name":"Kymenlaakson S\u00e4hk\u00f6","article_publisher":"https:\/\/www.facebook.com\/KymenlaaksonSahko","article_modified_time":"2025-01-07T10:16:13+00:00","og_image":[{"width":2560,"height":1707,"url":"https:\/\/www.ksoy.fi\/wp-content\/uploads\/2022\/03\/isa-ja-lapsi-kuva-scaled.jpg","type":"image\/jpeg"}],"twitter_card":"summary_large_image","twitter_site":"@KS_Oy","schema":{"@context":"https:\/\/schema.org","@graph":[{"@type":"WebPage","@id":"https:\/\/www.ksoy.fi\/sv\/elnat\/entreprenorstjanst\/","url":"https:\/\/www.ksoy.fi\/sv\/elnat\/entreprenorstjanst\/","name":"Entrepren\u00f6rstj\u00e4nst - Kymenlaakson S\u00e4hk\u00f6","isPartOf":{"@id":"https:\/\/www.ksoy.fi\/sv\/#website"},"datePublished":"2021-12-09T11:11:23+00:00","dateModified":"2025-01-07T10:16:13+00:00","breadcrumb":{"@id":"https:\/\/www.ksoy.fi\/sv\/elnat\/entreprenorstjanst\/#breadcrumb"},"inLanguage":"sv-SE","potentialAction":[{"@type":"ReadAction","target":["https:\/\/www.ksoy.fi\/sv\/elnat\/entreprenorstjanst\/"]}]},{"@type":"BreadcrumbList","@id":"https:\/\/www.ksoy.fi\/sv\/elnat\/entreprenorstjanst\/#breadcrumb","itemListElement":[{"@type":"ListItem","position":1,"name":"Hem","item":"https:\/\/www.ksoy.fi\/sv\/"},{"@type":"ListItem","position":2,"name":"Eln\u00e4t","item":"https:\/\/www.ksoy.fi\/sv\/elnat\/"},{"@type":"ListItem","position":3,"name":"Entrepren\u00f6rstj\u00e4nst"}]},{"@type":"WebSite","@id":"https:\/\/www.ksoy.fi\/sv\/#website","url":"https:\/\/www.ksoy.fi\/sv\/","name":"Kymenlaakson S\u00e4hk\u00f6","description":"","publisher":{"@id":"https:\/\/www.ksoy.fi\/sv\/#organization"},"potentialAction":[{"@type":"SearchAction","target":{"@type":"EntryPoint","urlTemplate":"https:\/\/www.ksoy.fi\/sv\/?s={search_term_string}"},"query-input":{"@type":"PropertyValueSpecification","valueRequired":true,"valueName":"search_term_string"}}],"inLanguage":"sv-SE"},{"@type":"Organization","@id":"https:\/\/www.ksoy.fi\/sv\/#organization","name":"Kymenlaakson S\u00e4hk\u00f6","url":"https:\/\/www.ksoy.fi\/sv\/","logo":{"@type":"ImageObject","inLanguage":"sv-SE","@id":"https:\/\/www.ksoy.fi\/sv\/#\/schema\/logo\/image\/","url":"https:\/\/www.ksoy.fi\/wp-content\/uploads\/2021\/11\/cropped-ksoy-ikoni.png","contentUrl":"https:\/\/www.ksoy.fi\/wp-content\/uploads\/2021\/11\/cropped-ksoy-ikoni.png","width":512,"height":512,"caption":"Kymenlaakson S\u00e4hk\u00f6"},"image":{"@id":"https:\/\/www.ksoy.fi\/sv\/#\/schema\/logo\/image\/"},"sameAs":["https:\/\/www.facebook.com\/KymenlaaksonSahko","https:\/\/x.com\/KS_Oy","https:\/\/www.instagram.com\/ksoy_arkivirtaa\/","https:\/\/www.linkedin.com\/company\/kymenlaakson-s\u00e4hk\u00f6\/","https:\/\/www.youtube.com\/channel\/UCs-XaSBGfogwayNlB1B_gnA"]}]}},"publishpress_future_action":{"enabled":false,"date":"2026-04-14 21:35:22","action":"change-status","newStatus":"draft","terms":[],"taxonomy":"translation_priority","extraData":[]},"publishpress_future_workflow_manual_trigger":{"enabledWorkflows":[]},"_links":{"self":[{"href":"https:\/\/www.ksoy.fi\/sv\/wp-json\/wp\/v2\/pages\/5763","targetHints":{"allow":["GET"]}}],"collection":[{"href":"https:\/\/www.ksoy.fi\/sv\/wp-json\/wp\/v2\/pages"}],"about":[{"href":"https:\/\/www.ksoy.fi\/sv\/wp-json\/wp\/v2\/types\/page"}],"author":[{"embeddable":true,"href":"https:\/\/www.ksoy.fi\/sv\/wp-json\/wp\/v2\/users\/2"}],"replies":[{"embeddable":true,"href":"https:\/\/www.ksoy.fi\/sv\/wp-json\/wp\/v2\/comments?post=5763"}],"version-history":[{"count":5,"href":"https:\/\/www.ksoy.fi\/sv\/wp-json\/wp\/v2\/pages\/5763\/revisions"}],"predecessor-version":[{"id":30198,"href":"https:\/\/www.ksoy.fi\/sv\/wp-json\/wp\/v2\/pages\/5763\/revisions\/30198"}],"up":[{"embeddable":true,"href":"https:\/\/www.ksoy.fi\/sv\/wp-json\/wp\/v2\/pages\/4096"}],"wp:attachment":[{"href":"https:\/\/www.ksoy.fi\/sv\/wp-json\/wp\/v2\/media?parent=5763"}],"curies":[{"name":"wp","href":"https:\/\/api.w.org\/{rel}","templated":true}]}}